{"id":10233,"date":"2025-02-25T19:49:48","date_gmt":"2025-02-26T00:49:48","guid":{"rendered":"https:\/\/mycosmeticsurgerymiami.com\/?page_id=10233"},"modified":"2025-02-27T14:11:05","modified_gmt":"2025-02-27T19:11:05","slug":"oferta-especial-cirugias-desde-250-al-mes","status":"publish","type":"page","link":"https:\/\/mycosmeticsurgerymiami.com\/es\/oferta-especial-cirugias-desde-250-al-mes\/","title":{"rendered":"Oferta Especial! Cirug\u00edas desde $250 al mes"},"content":{"rendered":"\t\t<div data-elementor-type=\"wp-page\" data-elementor-id=\"10233\" class=\"elementor elementor-10233\" data-elementor-post-type=\"page\">\n\t\t\t\t<div class=\"elementor-element elementor-element-5af7864 e-flex e-con-boxed e-con e-parent\" data-id=\"5af7864\" data-element_type=\"container\" data-e-type=\"container\">\n\t\t\t\t\t<div class=\"e-con-inner\">\n\t\t\t\t<div class=\"elementor-element elementor-element-45f5311 elementor-widget elementor-widget-spacer\" data-id=\"45f5311\" data-element_type=\"widget\" data-e-type=\"widget\" data-widget_type=\"spacer.default\">\n\t\t\t\t<div class=\"elementor-widget-container\">\n\t\t\t\t\t\t\t<div class=\"elementor-spacer\">\n\t\t\t<div class=\"elementor-spacer-inner\"><\/div>\n\t\t<\/div>\n\t\t\t\t\t\t<\/div>\n\t\t\t\t<\/div>\n\t\t\t\t\t<\/div>\n\t\t\t\t<\/div>\n\t\t<div class=\"elementor-element elementor-element-74dc65e e-flex e-con-boxed e-con e-parent\" data-id=\"74dc65e\" data-element_type=\"container\" data-e-type=\"container\">\n\t\t\t\t\t<div class=\"e-con-inner\">\n\t\t<div class=\"elementor-element elementor-element-9b5d353 e-con-full elementor-hidden-mobile e-flex e-con e-child\" data-id=\"9b5d353\" data-element_type=\"container\" data-e-type=\"container\">\n\t\t\t\t<\/div>\n\t\t<div class=\"elementor-element elementor-element-1e5ba3c e-con-full e-flex e-con e-child\" data-id=\"1e5ba3c\" data-element_type=\"container\" data-e-type=\"container\">\n\t\t\t\t<div class=\"elementor-element elementor-element-300e91b elementor-widget elementor-widget-image\" data-id=\"300e91b\" data-element_type=\"widget\" data-e-type=\"widget\" data-widget_type=\"image.default\">\n\t\t\t\t<div class=\"elementor-widget-container\">\n\t\t\t\t\t\t\t\t\t\t\t\t\t\t\t<img fetchpriority=\"high\" decoding=\"async\" width=\"720\" height=\"223\" src=\"https:\/\/mycosmeticsurgerymiami.com\/wp-content\/uploads\/2023\/07\/MCS-logo-white-S-1.png\" class=\"attachment-full size-full wp-image-7058\" alt=\"\" srcset=\"https:\/\/mycosmeticsurgerymiami.com\/wp-content\/uploads\/2023\/07\/MCS-logo-white-S-1.png 720w, https:\/\/mycosmeticsurgerymiami.com\/wp-content\/uploads\/2023\/07\/MCS-logo-white-S-1-600x186.png 600w, https:\/\/mycosmeticsurgerymiami.com\/wp-content\/uploads\/2023\/07\/MCS-logo-white-S-1-300x93.png 300w, https:\/\/mycosmeticsurgerymiami.com\/wp-content\/uploads\/2023\/07\/MCS-logo-white-S-1-18x6.png 18w\" sizes=\"(max-width: 720px) 100vw, 720px\" \/>\t\t\t\t\t\t\t\t\t\t\t\t\t\t\t<\/div>\n\t\t\t\t<\/div>\n\t\t\t\t<div class=\"elementor-element elementor-element-6ba4308 elementor-widget elementor-widget-text-editor\" data-id=\"6ba4308\" data-element_type=\"widget\" data-e-type=\"widget\" data-widget_type=\"text-editor.default\">\n\t\t\t\t<div class=\"elementor-widget-container\">\n\t\t\t\t\t\t\t\t\t<h2 data-start=\"0\" data-end=\"54\"><strong data-start=\"0\" data-end=\"52\">\u00a1Oferta Especial! <\/strong><\/h2>\n<h5 data-start=\"0\" data-end=\"54\"><strong data-start=\"0\" data-end=\"52\">Cirug\u00edas desde $250 al mes\u00a0<\/strong><\/h5>\n<p data-start=\"56\" data-end=\"238\">Transforma tu cuerpo con los mejores especialistas en cirug\u00eda est\u00e9tica en Miami. Accede a nuestra promoci\u00f3n especial con <strong data-start=\"177\" data-end=\"204\">financiamiento flexible<\/strong> y comienza tu cambio hoy mismo.<\/p>\n<p data-start=\"240\" data-end=\"326\">\u2714 Cirug\u00edas desde <strong data-start=\"257\" data-end=\"272\">$250 al mes<\/strong><br data-start=\"272\" data-end=\"275\" \/>\u2714 Financiamiento disponible<br data-start=\"302\" data-end=\"305\" \/>\u2714 Consulta gratuita<\/p>\n<p data-start=\"328\" data-end=\"442\" data-is-last-node=\"\" data-is-only-node=\"\">No dejes pasar esta oportunidad! <strong>Completa el formulario ahora para obtener esta oferta especial.<\/strong><\/p>\t\t\t\t\t\t\t\t<\/div>\n\t\t\t\t<\/div>\n\t\t\t\t<\/div>\n\t\t<div class=\"elementor-element elementor-element-de5c807 e-con-full elementor-hidden-mobile e-flex e-con e-child\" data-id=\"de5c807\" data-element_type=\"container\" data-e-type=\"container\">\n\t\t\t\t<\/div>\n\t\t\t\t\t<\/div>\n\t\t\t\t<\/div>\n\t\t<div class=\"elementor-element elementor-element-35caeec e-flex e-con-boxed e-con e-parent\" data-id=\"35caeec\" data-element_type=\"container\" data-e-type=\"container\">\n\t\t\t\t\t<div class=\"e-con-inner\">\n\t\t<div class=\"elementor-element elementor-element-3806e41 e-con-full e-flex e-con e-child\" data-id=\"3806e41\" data-element_type=\"container\" data-e-type=\"container\">\n\t\t\t\t<\/div>\n\t\t<div class=\"elementor-element elementor-element-1e2014f e-con-full e-flex e-con e-child\" data-id=\"1e2014f\" data-element_type=\"container\" data-e-type=\"container\">\n\t\t\t\t<div class=\"elementor-element elementor-element-ac83df0 elementor-button-align-stretch elementor-widget elementor-widget-form\" data-id=\"ac83df0\" data-element_type=\"widget\" data-e-type=\"widget\" data-settings=\"{&quot;step_next_label&quot;:&quot;Next&quot;,&quot;step_previous_label&quot;:&quot;Previous&quot;,&quot;button_width&quot;:&quot;100&quot;,&quot;step_type&quot;:&quot;number_text&quot;,&quot;step_icon_shape&quot;:&quot;circle&quot;}\" data-widget_type=\"form.default\">\n\t\t\t\t<div class=\"elementor-widget-container\">\n\t\t\t\t\t\t\t<form class=\"elementor-form\" method=\"post\" name=\"250 al mes\" aria-label=\"250 al mes\">\n\t\t\t<input type=\"hidden\" name=\"post_id\" value=\"10233\"\/>\n\t\t\t<input type=\"hidden\" name=\"form_id\" value=\"ac83df0\"\/>\n\t\t\t<input type=\"hidden\" name=\"referer_title\" value=\"Oferta Especial: Cirug\u00edas Est\u00e9ticas desde $250 al Mes\" \/>\n\n\t\t\t\t\t\t\t<input type=\"hidden\" name=\"queried_id\" value=\"10233\"\/>\n\t\t\t\n\t\t\t<div class=\"elementor-form-fields-wrapper elementor-labels-above\">\n\t\t\t\t\t\t\t\t<div class=\"elementor-field-type-text elementor-field-group elementor-column elementor-field-group-name elementor-col-100 elementor-field-required\">\n\t\t\t\t\t\t\t\t\t\t\t\t<label for=\"form-field-name\" class=\"elementor-field-label\">\n\t\t\t\t\t\t\t\tName\t\t\t\t\t\t\t<\/label>\n\t\t\t\t\t\t\t\t\t\t\t\t\t\t<input size=\"1\" type=\"text\" name=\"form_fields[name]\" id=\"form-field-name\" class=\"elementor-field elementor-size-sm  elementor-field-textual\" placeholder=\"Name\" required=\"required\">\n\t\t\t\t\t\t\t\t\t\t\t<\/div>\n\t\t\t\t\t\t\t\t<div class=\"elementor-field-type-email elementor-field-group elementor-column elementor-field-group-email elementor-col-100 elementor-field-required\">\n\t\t\t\t\t\t\t\t\t\t\t\t<label for=\"form-field-email\" class=\"elementor-field-label\">\n\t\t\t\t\t\t\t\tEmail\t\t\t\t\t\t\t<\/label>\n\t\t\t\t\t\t\t\t\t\t\t\t\t\t<input size=\"1\" type=\"email\" name=\"form_fields[email]\" id=\"form-field-email\" class=\"elementor-field elementor-size-sm  elementor-field-textual\" placeholder=\"Email\" required=\"required\">\n\t\t\t\t\t\t\t\t\t\t\t<\/div>\n\t\t\t\t\t\t\t\t<div class=\"elementor-field-type-tel elementor-field-group elementor-column elementor-field-group-field_2e55146 elementor-col-100 elementor-field-required\">\n\t\t\t\t\t\t\t\t\t\t\t\t<label for=\"form-field-field_2e55146\" class=\"elementor-field-label\">\n\t\t\t\t\t\t\t\tTel\u00e9fono\t\t\t\t\t\t\t<\/label>\n\t\t\t\t\t\t\t\t<input size=\"1\" type=\"tel\" name=\"form_fields[field_2e55146]\" id=\"form-field-field_2e55146\" class=\"elementor-field elementor-size-sm  elementor-field-textual\" required=\"required\" pattern=\"[0-9()#&amp;+*-=.]+\" title=\"Solo se aceptan n\u00fameros y caracteres de tel\u00e9fono (#,-,*,etc).\">\n\n\t\t\t\t\t\t<\/div>\n\t\t\t\t\t\t\t\t<div class=\"elementor-field-type-textarea elementor-field-group elementor-column elementor-field-group-message elementor-col-100\">\n\t\t\t\t\t\t\t\t\t\t\t\t<label for=\"form-field-message\" class=\"elementor-field-label\">\n\t\t\t\t\t\t\t\tMessage\t\t\t\t\t\t\t<\/label>\n\t\t\t\t\t\t<textarea class=\"elementor-field-textual elementor-field  elementor-size-sm\" name=\"form_fields[message]\" id=\"form-field-message\" rows=\"4\" placeholder=\"Message\"><\/textarea>\t\t\t\t<\/div>\n\t\t\t\t\t\t\t\t<div class=\"elementor-field-group elementor-column elementor-field-type-submit elementor-col-100 e-form__buttons\">\n\t\t\t\t\t<button class=\"elementor-button elementor-size-sm\" type=\"submit\">\n\t\t\t\t\t\t<span class=\"elementor-button-content-wrapper\">\n\t\t\t\t\t\t\t\t\t\t\t\t\t\t\t\t\t\t\t\t\t\t<span class=\"elementor-button-text\">Enviar<\/span>\n\t\t\t\t\t\t\t\t\t\t\t\t\t<\/span>\n\t\t\t\t\t<\/button>\n\t\t\t\t<\/div>\n\t\t\t<\/div>\n\t\t<\/form>\n\t\t\t\t\t\t<\/div>\n\t\t\t\t<\/div>\n\t\t\t\t<\/div>\n\t\t<div class=\"elementor-element elementor-element-20d419a e-con-full e-flex e-con e-child\" data-id=\"20d419a\" data-element_type=\"container\" data-e-type=\"container\">\n\t\t\t\t<\/div>\n\t\t\t\t\t<\/div>\n\t\t\t\t<\/div>\n\t\t<div class=\"elementor-element elementor-element-fa0c2fc e-flex e-con-boxed e-con e-parent\" data-id=\"fa0c2fc\" data-element_type=\"container\" data-e-type=\"container\">\n\t\t\t\t\t<div class=\"e-con-inner\">\n\t\t\t\t\t<\/div>\n\t\t\t\t<\/div>\n\t\t\t\t<\/div>\n\t\t","protected":false},"excerpt":{"rendered":"<p>\u00a1Oferta Especial! Cirug\u00edas desde $250 al mes\u00a0 Transforma tu cuerpo con los mejores especialistas en cirug\u00eda est\u00e9tica en Miami. Accede [&hellip;]<\/p>\n","protected":false},"author":7,"featured_media":10270,"parent":0,"menu_order":0,"comment_status":"closed","ping_status":"closed","template":"elementor_canvas","meta":{"_acf_changed":false,"site-sidebar-layout":"no-sidebar","site-content-layout":"","ast-site-content-layout":"full-width-container","site-content-style":"default","site-sidebar-style":"default","ast-global-header-display":"","ast-banner-title-visibility":"","ast-main-header-display":"","ast-hfb-above-header-display":"","ast-hfb-below-header-display":"","ast-hfb-mobile-header-display":"","site-post-title":"disabled","ast-breadcrumbs-content":"","ast-featured-img":"disabled","footer-sml-layout":"","ast-disable-related-posts":"","theme-transparent-header-meta":"","adv-header-id-meta":"","stick-header-meta":"","header-above-stick-meta":"","header-main-stick-meta":"","header-below-stick-meta":"","astra-migrate-meta-layouts":"default","ast-page-background-enabled":"default","ast-page-background-meta":{"desktop":{"background-color":"var(--ast-global-color-4)","background-image":"","background-repeat":"repeat","background-position":"center center","background-size":"auto","background-attachment":"scroll","background-type":"","background-media":"","overlay-type":"","overlay-color":"","overlay-opacity":"","overlay-gradient":""},"tablet":{"background-color":"","background-image":"","background-repeat":"repeat","background-position":"center center","background-size":"auto","background-attachment":"scroll","background-type":"","background-media":"","overlay-type":"","overlay-color":"","overlay-opacity":"","overlay-gradient":""},"mobile":{"background-color":"","background-image":"","background-repeat":"repeat","background-position":"center center","background-size":"auto","background-attachment":"scroll","background-type":"","background-media":"","overlay-type":"","overlay-color":"","overlay-opacity":"","overlay-gradient":""}},"ast-content-background-meta":{"desktop":{"background-color":"var(--ast-global-color-5)","background-image":"","background-repeat":"repeat","background-position":"center center","background-size":"auto","background-attachment":"scroll","background-type":"","background-media":"","overlay-type":"","overlay-color":"","overlay-opacity":"","overlay-gradient":""},"tablet":{"background-color":"var(--ast-global-color-5)","background-image":"","background-repeat":"repeat","background-position":"center center","background-size":"auto","background-attachment":"scroll","background-type":"","background-media":"","overlay-type":"","overlay-color":"","overlay-opacity":"","overlay-gradient":""},"mobile":{"background-color":"var(--ast-global-color-5)","background-image":"","background-repeat":"repeat","background-position":"center center","background-size":"auto","background-attachment":"scroll","background-type":"","background-media":"","overlay-type":"","overlay-color":"","overlay-opacity":"","overlay-gradient":""}},"footnotes":""},"class_list":["post-10233","page","type-page","status-publish","has-post-thumbnail","hentry"],"acf":[],"yoast_head":"<!-- This site is optimized with the Yoast SEO plugin v27.3 - https:\/\/yoast.com\/product\/yoast-seo-wordpress\/ -->\n<title>Oferta Especial: Cirug\u00edas Est\u00e9ticas desde $250 al Mes<\/title>\n<meta name=\"description\" content=\"Aprovecha nuestra oferta especial en cirug\u00edas est\u00e9ticas desde $250 al mes! Financiamiento flexible y consulta gratuita.\" \/>\n<meta name=\"robots\" content=\"index, follow, max-snippet:-1, max-image-preview:large, max-video-preview:-1\" \/>\n<link rel=\"canonical\" href=\"https:\/\/mycosmeticsurgerymiami.com\/es\/oferta-especial-cirugias-desde-250-al-mes\/\" \/>\n<meta property=\"og:locale\" content=\"es_ES\" \/>\n<meta property=\"og:type\" content=\"article\" \/>\n<meta property=\"og:title\" content=\"Oferta Especial: Cirug\u00edas Est\u00e9ticas desde $250 al Mes\" \/>\n<meta property=\"og:description\" content=\"Aprovecha nuestra oferta especial en cirug\u00edas est\u00e9ticas desde $250 al mes! Financiamiento flexible y consulta gratuita.\" \/>\n<meta property=\"og:url\" content=\"https:\/\/mycosmeticsurgerymiami.com\/es\/oferta-especial-cirugias-desde-250-al-mes\/\" \/>\n<meta property=\"og:site_name\" content=\"My Cosmetic Surgery\" \/>\n<meta property=\"article:publisher\" content=\"https:\/\/www.facebook.com\/Clinic1inSouthFlorida\/\" \/>\n<meta property=\"article:modified_time\" content=\"2025-02-27T19:11:05+00:00\" \/>\n<meta property=\"og:image\" content=\"https:\/\/mycosmeticsurgerymiami.com\/wp-content\/uploads\/2025\/02\/mycosmeticsurgerymiami-specials-250-al-mes-scaled.jpg\" \/>\n\t<meta property=\"og:image:width\" content=\"2560\" \/>\n\t<meta property=\"og:image:height\" content=\"1569\" \/>\n\t<meta property=\"og:image:type\" content=\"image\/jpeg\" \/>\n<meta name=\"twitter:card\" content=\"summary_large_image\" \/>\n<meta name=\"twitter:label1\" content=\"Tiempo de lectura\" \/>\n\t<meta name=\"twitter:data1\" content=\"1 minuto\" \/>\n<script type=\"application\/ld+json\" class=\"yoast-schema-graph\">{\"@context\":\"https:\\\/\\\/schema.org\",\"@graph\":[{\"@type\":\"WebPage\",\"@id\":\"https:\\\/\\\/mycosmeticsurgerymiami.com\\\/oferta-especial-cirugias-desde-250-al-mes\\\/\",\"url\":\"https:\\\/\\\/mycosmeticsurgerymiami.com\\\/oferta-especial-cirugias-desde-250-al-mes\\\/\",\"name\":\"Oferta Especial: Cirug\u00edas Est\u00e9ticas desde $250 al Mes\",\"isPartOf\":{\"@id\":\"https:\\\/\\\/mycosmeticsurgerymiami.com\\\/en\\\/#website\"},\"primaryImageOfPage\":{\"@id\":\"https:\\\/\\\/mycosmeticsurgerymiami.com\\\/oferta-especial-cirugias-desde-250-al-mes\\\/#primaryimage\"},\"image\":{\"@id\":\"https:\\\/\\\/mycosmeticsurgerymiami.com\\\/oferta-especial-cirugias-desde-250-al-mes\\\/#primaryimage\"},\"thumbnailUrl\":\"https:\\\/\\\/mycosmeticsurgerymiami.com\\\/wp-content\\\/uploads\\\/2025\\\/02\\\/mycosmeticsurgerymiami-specials-250-al-mes-scaled.jpg\",\"datePublished\":\"2025-02-26T00:49:48+00:00\",\"dateModified\":\"2025-02-27T19:11:05+00:00\",\"description\":\"Aprovecha nuestra oferta especial en cirug\u00edas est\u00e9ticas desde $250 al mes! Financiamiento flexible y consulta gratuita.\",\"breadcrumb\":{\"@id\":\"https:\\\/\\\/mycosmeticsurgerymiami.com\\\/oferta-especial-cirugias-desde-250-al-mes\\\/#breadcrumb\"},\"inLanguage\":\"es\",\"potentialAction\":[{\"@type\":\"ReadAction\",\"target\":[\"https:\\\/\\\/mycosmeticsurgerymiami.com\\\/oferta-especial-cirugias-desde-250-al-mes\\\/\"]}]},{\"@type\":\"ImageObject\",\"inLanguage\":\"es\",\"@id\":\"https:\\\/\\\/mycosmeticsurgerymiami.com\\\/oferta-especial-cirugias-desde-250-al-mes\\\/#primaryimage\",\"url\":\"https:\\\/\\\/mycosmeticsurgerymiami.com\\\/wp-content\\\/uploads\\\/2025\\\/02\\\/mycosmeticsurgerymiami-specials-250-al-mes-scaled.jpg\",\"contentUrl\":\"https:\\\/\\\/mycosmeticsurgerymiami.com\\\/wp-content\\\/uploads\\\/2025\\\/02\\\/mycosmeticsurgerymiami-specials-250-al-mes-scaled.jpg\",\"width\":2560,\"height\":1569,\"caption\":\"Beauty made accessible! At My Cosmetic Surgery Miami, you can start your transformation today for just $250 a month. Ask about our special financing plans and begin the journey to the body you\u2019ve always wanted.\"},{\"@type\":\"BreadcrumbList\",\"@id\":\"https:\\\/\\\/mycosmeticsurgerymiami.com\\\/oferta-especial-cirugias-desde-250-al-mes\\\/#breadcrumb\",\"itemListElement\":[{\"@type\":\"ListItem\",\"position\":1,\"name\":\"Home\",\"item\":\"https:\\\/\\\/mycosmeticsurgerymiami.com\\\/es\\\/\"},{\"@type\":\"ListItem\",\"position\":2,\"name\":\"Oferta Especial! Cirug\u00edas desde $250 al mes\"}]},{\"@type\":\"WebSite\",\"@id\":\"https:\\\/\\\/mycosmeticsurgerymiami.com\\\/en\\\/#website\",\"url\":\"https:\\\/\\\/mycosmeticsurgerymiami.com\\\/en\\\/\",\"name\":\"My Cosmetic Surgery\",\"description\":\"Miami&#039;s #1 Plastic Surgery Clinic\",\"publisher\":{\"@id\":\"https:\\\/\\\/mycosmeticsurgerymiami.com\\\/en\\\/#organization\"},\"alternateName\":\"My Cosmetic Surgery Miami\",\"potentialAction\":[{\"@type\":\"SearchAction\",\"target\":{\"@type\":\"EntryPoint\",\"urlTemplate\":\"https:\\\/\\\/mycosmeticsurgerymiami.com\\\/en\\\/?s={search_term_string}\"},\"query-input\":{\"@type\":\"PropertyValueSpecification\",\"valueRequired\":true,\"valueName\":\"search_term_string\"}}],\"inLanguage\":\"es\"},{\"@type\":\"Organization\",\"@id\":\"https:\\\/\\\/mycosmeticsurgerymiami.com\\\/en\\\/#organization\",\"name\":\"My Cosmetic Surgery\",\"alternateName\":\"My Cosmetic Surgery Miami\",\"url\":\"https:\\\/\\\/mycosmeticsurgerymiami.com\\\/en\\\/\",\"logo\":{\"@type\":\"ImageObject\",\"inLanguage\":\"es\",\"@id\":\"https:\\\/\\\/mycosmeticsurgerymiami.com\\\/en\\\/#\\\/schema\\\/logo\\\/image\\\/\",\"url\":\"https:\\\/\\\/mycosmeticsurgerymiami.com\\\/wp-content\\\/uploads\\\/2023\\\/03\\\/MCS-logo-purple-eng-720-e1687969036164.png\",\"contentUrl\":\"https:\\\/\\\/mycosmeticsurgerymiami.com\\\/wp-content\\\/uploads\\\/2023\\\/03\\\/MCS-logo-purple-eng-720-e1687969036164.png\",\"width\":559,\"height\":197,\"caption\":\"My Cosmetic Surgery\"},\"image\":{\"@id\":\"https:\\\/\\\/mycosmeticsurgerymiami.com\\\/en\\\/#\\\/schema\\\/logo\\\/image\\\/\"},\"sameAs\":[\"https:\\\/\\\/www.facebook.com\\\/Clinic1inSouthFlorida\\\/\",\"https:\\\/\\\/www.tiktok.com\\\/@mycosmeticsurgery_miami\",\"https:\\\/\\\/www.youtube.com\\\/channel\\\/UCdVGSTgtVXbrSWttPQvfp_g\",\"https:\\\/\\\/www.instagram.com\\\/mycosmeticsurgery_miami\\\/?hl=en\"]}]}<\/script>\n<!-- \/ Yoast SEO plugin. -->","yoast_head_json":{"title":"Oferta Especial: Cirug\u00edas Est\u00e9ticas desde $250 al Mes","description":"Aprovecha nuestra oferta especial en cirug\u00edas est\u00e9ticas desde $250 al mes! Financiamiento flexible y consulta gratuita.","robots":{"index":"index","follow":"follow","max-snippet":"max-snippet:-1","max-image-preview":"max-image-preview:large","max-video-preview":"max-video-preview:-1"},"canonical":"https:\/\/mycosmeticsurgerymiami.com\/es\/oferta-especial-cirugias-desde-250-al-mes\/","og_locale":"es_ES","og_type":"article","og_title":"Oferta Especial: Cirug\u00edas Est\u00e9ticas desde $250 al Mes","og_description":"Aprovecha nuestra oferta especial en cirug\u00edas est\u00e9ticas desde $250 al mes! Financiamiento flexible y consulta gratuita.","og_url":"https:\/\/mycosmeticsurgerymiami.com\/es\/oferta-especial-cirugias-desde-250-al-mes\/","og_site_name":"My Cosmetic Surgery","article_publisher":"https:\/\/www.facebook.com\/Clinic1inSouthFlorida\/","article_modified_time":"2025-02-27T19:11:05+00:00","og_image":[{"width":2560,"height":1569,"url":"https:\/\/mycosmeticsurgerymiami.com\/wp-content\/uploads\/2025\/02\/mycosmeticsurgerymiami-specials-250-al-mes-scaled.jpg","type":"image\/jpeg"}],"twitter_card":"summary_large_image","twitter_misc":{"Tiempo de lectura":"1 minuto"},"schema":{"@context":"https:\/\/schema.org","@graph":[{"@type":"WebPage","@id":"https:\/\/mycosmeticsurgerymiami.com\/oferta-especial-cirugias-desde-250-al-mes\/","url":"https:\/\/mycosmeticsurgerymiami.com\/oferta-especial-cirugias-desde-250-al-mes\/","name":"Oferta Especial: Cirug\u00edas Est\u00e9ticas desde $250 al Mes","isPartOf":{"@id":"https:\/\/mycosmeticsurgerymiami.com\/en\/#website"},"primaryImageOfPage":{"@id":"https:\/\/mycosmeticsurgerymiami.com\/oferta-especial-cirugias-desde-250-al-mes\/#primaryimage"},"image":{"@id":"https:\/\/mycosmeticsurgerymiami.com\/oferta-especial-cirugias-desde-250-al-mes\/#primaryimage"},"thumbnailUrl":"https:\/\/mycosmeticsurgerymiami.com\/wp-content\/uploads\/2025\/02\/mycosmeticsurgerymiami-specials-250-al-mes-scaled.jpg","datePublished":"2025-02-26T00:49:48+00:00","dateModified":"2025-02-27T19:11:05+00:00","description":"Aprovecha nuestra oferta especial en cirug\u00edas est\u00e9ticas desde $250 al mes! Financiamiento flexible y consulta gratuita.","breadcrumb":{"@id":"https:\/\/mycosmeticsurgerymiami.com\/oferta-especial-cirugias-desde-250-al-mes\/#breadcrumb"},"inLanguage":"es","potentialAction":[{"@type":"ReadAction","target":["https:\/\/mycosmeticsurgerymiami.com\/oferta-especial-cirugias-desde-250-al-mes\/"]}]},{"@type":"ImageObject","inLanguage":"es","@id":"https:\/\/mycosmeticsurgerymiami.com\/oferta-especial-cirugias-desde-250-al-mes\/#primaryimage","url":"https:\/\/mycosmeticsurgerymiami.com\/wp-content\/uploads\/2025\/02\/mycosmeticsurgerymiami-specials-250-al-mes-scaled.jpg","contentUrl":"https:\/\/mycosmeticsurgerymiami.com\/wp-content\/uploads\/2025\/02\/mycosmeticsurgerymiami-specials-250-al-mes-scaled.jpg","width":2560,"height":1569,"caption":"Beauty made accessible! At My Cosmetic Surgery Miami, you can start your transformation today for just $250 a month. Ask about our special financing plans and begin the journey to the body you\u2019ve always wanted."},{"@type":"BreadcrumbList","@id":"https:\/\/mycosmeticsurgerymiami.com\/oferta-especial-cirugias-desde-250-al-mes\/#breadcrumb","itemListElement":[{"@type":"ListItem","position":1,"name":"Home","item":"https:\/\/mycosmeticsurgerymiami.com\/es\/"},{"@type":"ListItem","position":2,"name":"Oferta Especial! Cirug\u00edas desde $250 al mes"}]},{"@type":"WebSite","@id":"https:\/\/mycosmeticsurgerymiami.com\/en\/#website","url":"https:\/\/mycosmeticsurgerymiami.com\/en\/","name":"My Cosmetic Surgery","description":"Miami&#039;s #1 Cl\u00ednica de Cirug\u00eda Pl\u00e1stica","publisher":{"@id":"https:\/\/mycosmeticsurgerymiami.com\/en\/#organization"},"alternateName":"My Cosmetic Surgery Miami","potentialAction":[{"@type":"SearchAction","target":{"@type":"EntryPoint","urlTemplate":"https:\/\/mycosmeticsurgerymiami.com\/en\/?s={search_term_string}"},"query-input":{"@type":"PropertyValueSpecification","valueRequired":true,"valueName":"search_term_string"}}],"inLanguage":"es"},{"@type":"Organization","@id":"https:\/\/mycosmeticsurgerymiami.com\/en\/#organization","name":"My Cosmetic Surgery","alternateName":"My Cosmetic Surgery Miami","url":"https:\/\/mycosmeticsurgerymiami.com\/en\/","logo":{"@type":"ImageObject","inLanguage":"es","@id":"https:\/\/mycosmeticsurgerymiami.com\/en\/#\/schema\/logo\/image\/","url":"https:\/\/mycosmeticsurgerymiami.com\/wp-content\/uploads\/2023\/03\/MCS-logo-purple-eng-720-e1687969036164.png","contentUrl":"https:\/\/mycosmeticsurgerymiami.com\/wp-content\/uploads\/2023\/03\/MCS-logo-purple-eng-720-e1687969036164.png","width":559,"height":197,"caption":"My Cosmetic Surgery"},"image":{"@id":"https:\/\/mycosmeticsurgerymiami.com\/en\/#\/schema\/logo\/image\/"},"sameAs":["https:\/\/www.facebook.com\/Clinic1inSouthFlorida\/","https:\/\/www.tiktok.com\/@mycosmeticsurgery_miami","https:\/\/www.youtube.com\/channel\/UCdVGSTgtVXbrSWttPQvfp_g","https:\/\/www.instagram.com\/mycosmeticsurgery_miami\/?hl=en"]}]}},"_links":{"self":[{"href":"https:\/\/mycosmeticsurgerymiami.com\/es\/wp-json\/wp\/v2\/pages\/10233","targetHints":{"allow":["GET"]}}],"collection":[{"href":"https:\/\/mycosmeticsurgerymiami.com\/es\/wp-json\/wp\/v2\/pages"}],"about":[{"href":"https:\/\/mycosmeticsurgerymiami.com\/es\/wp-json\/wp\/v2\/types\/page"}],"author":[{"embeddable":true,"href":"https:\/\/mycosmeticsurgerymiami.com\/es\/wp-json\/wp\/v2\/users\/7"}],"replies":[{"embeddable":true,"href":"https:\/\/mycosmeticsurgerymiami.com\/es\/wp-json\/wp\/v2\/comments?post=10233"}],"version-history":[{"count":79,"href":"https:\/\/mycosmeticsurgerymiami.com\/es\/wp-json\/wp\/v2\/pages\/10233\/revisions"}],"predecessor-version":[{"id":10330,"href":"https:\/\/mycosmeticsurgerymiami.com\/es\/wp-json\/wp\/v2\/pages\/10233\/revisions\/10330"}],"wp:featuredmedia":[{"embeddable":true,"href":"https:\/\/mycosmeticsurgerymiami.com\/es\/wp-json\/wp\/v2\/media\/10270"}],"wp:attachment":[{"href":"https:\/\/mycosmeticsurgerymiami.com\/es\/wp-json\/wp\/v2\/media?parent=10233"}],"curies":[{"name":"wp","href":"https:\/\/api.w.org\/{rel}","templated":true}]}}